{"id":32,"date":"2025-04-06T13:22:08","date_gmt":"2025-04-06T11:22:08","guid":{"rendered":"https:\/\/karolwos.com\/?page_id=32"},"modified":"2025-04-06T13:44:24","modified_gmt":"2025-04-06T11:44:24","slug":"o-mnie","status":"publish","type":"page","link":"https:\/\/karolwos.com\/","title":{"rendered":"O mnie"},"content":{"rendered":"\n<p class=\"has-large-font-size\"><strong>Uko\u0144czone szkolenia z zakresu cyberbezpiecze\u0144stwa:<\/strong><\/p>\n\n\n\n<p>2023 | <a href=\"https:\/\/securitum.pl\/\" data-type=\"link\" data-id=\"https:\/\/securitum.pl\/\">Securitum<\/a> | <a href=\"https:\/\/sklep.securitum.pl\/sekurak-academy-2023\" data-type=\"link\" data-id=\"https:\/\/sklep.securitum.pl\/sekurak-academy-2023\">Sekurak Academy<\/a><\/p>\n\n\n\n<figure class=\"wp-block-gallery has-nested-images columns-default is-cropped wp-block-gallery-1 is-layout-flex wp-block-gallery-is-layout-flex\">\n<figure class=\"wp-block-image size-full\"><img loading=\"lazy\" decoding=\"async\" width=\"800\" height=\"1035\" data-id=\"41\" src=\"https:\/\/karolwos.com\/wp-content\/uploads\/2025\/04\/Sekurak-Academy-2023-PL-2.jpeg\" alt=\"\" class=\"wp-image-41\" srcset=\"https:\/\/karolwos.com\/wp-content\/uploads\/2025\/04\/Sekurak-Academy-2023-PL-2.jpeg 800w, https:\/\/karolwos.com\/wp-content\/uploads\/2025\/04\/Sekurak-Academy-2023-PL-2-232x300.jpeg 232w, https:\/\/karolwos.com\/wp-content\/uploads\/2025\/04\/Sekurak-Academy-2023-PL-2-791x1024.jpeg 791w, https:\/\/karolwos.com\/wp-content\/uploads\/2025\/04\/Sekurak-Academy-2023-PL-2-768x994.jpeg 768w\" sizes=\"auto, (max-width: 800px) 100vw, 800px\" \/><\/figure>\n\n\n\n<figure class=\"wp-block-image size-full\"><img loading=\"lazy\" decoding=\"async\" width=\"800\" height=\"1035\" data-id=\"40\" src=\"https:\/\/karolwos.com\/wp-content\/uploads\/2025\/04\/Sekurak-Academy-2023-EN-1.jpeg\" alt=\"\" class=\"wp-image-40\" srcset=\"https:\/\/karolwos.com\/wp-content\/uploads\/2025\/04\/Sekurak-Academy-2023-EN-1.jpeg 800w, https:\/\/karolwos.com\/wp-content\/uploads\/2025\/04\/Sekurak-Academy-2023-EN-1-232x300.jpeg 232w, https:\/\/karolwos.com\/wp-content\/uploads\/2025\/04\/Sekurak-Academy-2023-EN-1-791x1024.jpeg 791w, https:\/\/karolwos.com\/wp-content\/uploads\/2025\/04\/Sekurak-Academy-2023-EN-1-768x994.jpeg 768w\" sizes=\"auto, (max-width: 800px) 100vw, 800px\" \/><\/figure>\n<\/figure>\n\n\n\n<p class=\"has-large-font-size\"><strong>Pozosta\u0142e:<\/strong><\/p>\n\n\n\n<p>2024 | Securitum|  <a href=\"https:\/\/sklep.securitum.pl\/zabezpieczenie-sieci-domowej-cz1\">Zabezpieczanie sieci domowej<\/a><\/p>\n\n\n\n<figure class=\"wp-block-gallery has-nested-images columns-default is-cropped wp-block-gallery-2 is-layout-flex wp-block-gallery-is-layout-flex\">\n<figure class=\"wp-block-image size-full\"><img loading=\"lazy\" decoding=\"async\" width=\"800\" height=\"1035\" data-id=\"44\" src=\"https:\/\/karolwos.com\/wp-content\/uploads\/2025\/04\/Sekurak-Academy-2023-Zabezpieczenie-sieci-domowej-PL.jpeg\" alt=\"\" class=\"wp-image-44\" srcset=\"https:\/\/karolwos.com\/wp-content\/uploads\/2025\/04\/Sekurak-Academy-2023-Zabezpieczenie-sieci-domowej-PL.jpeg 800w, https:\/\/karolwos.com\/wp-content\/uploads\/2025\/04\/Sekurak-Academy-2023-Zabezpieczenie-sieci-domowej-PL-232x300.jpeg 232w, https:\/\/karolwos.com\/wp-content\/uploads\/2025\/04\/Sekurak-Academy-2023-Zabezpieczenie-sieci-domowej-PL-791x1024.jpeg 791w, https:\/\/karolwos.com\/wp-content\/uploads\/2025\/04\/Sekurak-Academy-2023-Zabezpieczenie-sieci-domowej-PL-768x994.jpeg 768w\" sizes=\"auto, (max-width: 800px) 100vw, 800px\" \/><\/figure>\n\n\n\n<figure class=\"wp-block-image size-full\"><img loading=\"lazy\" decoding=\"async\" width=\"800\" height=\"1035\" data-id=\"43\" src=\"https:\/\/karolwos.com\/wp-content\/uploads\/2025\/04\/Sekurak-Academy-2023-Zabezpieczenie-sieci-domowej-EN.jpeg\" alt=\"\" class=\"wp-image-43\" srcset=\"https:\/\/karolwos.com\/wp-content\/uploads\/2025\/04\/Sekurak-Academy-2023-Zabezpieczenie-sieci-domowej-EN.jpeg 800w, https:\/\/karolwos.com\/wp-content\/uploads\/2025\/04\/Sekurak-Academy-2023-Zabezpieczenie-sieci-domowej-EN-232x300.jpeg 232w, https:\/\/karolwos.com\/wp-content\/uploads\/2025\/04\/Sekurak-Academy-2023-Zabezpieczenie-sieci-domowej-EN-791x1024.jpeg 791w, https:\/\/karolwos.com\/wp-content\/uploads\/2025\/04\/Sekurak-Academy-2023-Zabezpieczenie-sieci-domowej-EN-768x994.jpeg 768w\" sizes=\"auto, (max-width: 800px) 100vw, 800px\" \/><\/figure>\n<\/figure>\n\n\n\n<p>2024 | Securitum| <a href=\"https:\/\/sklep.securitum.pl\/adresy-ip-watpliwej-reputacji\">Adresy IP w\u0105tpliwej reputacji<\/a><\/p>\n\n\n\n<figure class=\"wp-block-gallery has-nested-images columns-default is-cropped wp-block-gallery-3 is-layout-flex wp-block-gallery-is-layout-flex\">\n<figure class=\"wp-block-image size-full\"><img loading=\"lazy\" decoding=\"async\" width=\"800\" height=\"1035\" data-id=\"46\" src=\"https:\/\/karolwos.com\/wp-content\/uploads\/2025\/04\/Sekurak-Academy-2023-Adresu-IP-watpliwej-reputacji-PL.jpeg\" alt=\"\" class=\"wp-image-46\" srcset=\"https:\/\/karolwos.com\/wp-content\/uploads\/2025\/04\/Sekurak-Academy-2023-Adresu-IP-watpliwej-reputacji-PL.jpeg 800w, https:\/\/karolwos.com\/wp-content\/uploads\/2025\/04\/Sekurak-Academy-2023-Adresu-IP-watpliwej-reputacji-PL-232x300.jpeg 232w, https:\/\/karolwos.com\/wp-content\/uploads\/2025\/04\/Sekurak-Academy-2023-Adresu-IP-watpliwej-reputacji-PL-791x1024.jpeg 791w, https:\/\/karolwos.com\/wp-content\/uploads\/2025\/04\/Sekurak-Academy-2023-Adresu-IP-watpliwej-reputacji-PL-768x994.jpeg 768w\" sizes=\"auto, (max-width: 800px) 100vw, 800px\" \/><\/figure>\n\n\n\n<figure class=\"wp-block-image size-full\"><img loading=\"lazy\" decoding=\"async\" width=\"800\" height=\"1035\" data-id=\"47\" src=\"https:\/\/karolwos.com\/wp-content\/uploads\/2025\/04\/Sekurak-Academy-2023-Adresu-IP-watpliwej-reputacji-EN.jpeg\" alt=\"\" class=\"wp-image-47\" srcset=\"https:\/\/karolwos.com\/wp-content\/uploads\/2025\/04\/Sekurak-Academy-2023-Adresu-IP-watpliwej-reputacji-EN.jpeg 800w, https:\/\/karolwos.com\/wp-content\/uploads\/2025\/04\/Sekurak-Academy-2023-Adresu-IP-watpliwej-reputacji-EN-232x300.jpeg 232w, https:\/\/karolwos.com\/wp-content\/uploads\/2025\/04\/Sekurak-Academy-2023-Adresu-IP-watpliwej-reputacji-EN-791x1024.jpeg 791w, https:\/\/karolwos.com\/wp-content\/uploads\/2025\/04\/Sekurak-Academy-2023-Adresu-IP-watpliwej-reputacji-EN-768x994.jpeg 768w\" sizes=\"auto, (max-width: 800px) 100vw, 800px\" \/><\/figure>\n<\/figure>\n\n\n\n<p>2024 | Securitum| <a href=\"https:\/\/sklep.securitum.pl\/nis2-okiem-hackera\" data-type=\"link\" data-id=\"https:\/\/sklep.securitum.pl\/nis2-okiem-hackera\">NIS 2 okiem hakera<\/a><\/p>\n\n\n\n<figure class=\"wp-block-gallery has-nested-images columns-default is-cropped wp-block-gallery-4 is-layout-flex wp-block-gallery-is-layout-flex\">\n<figure class=\"wp-block-image size-large\"><img loading=\"lazy\" decoding=\"async\" width=\"791\" height=\"1024\" data-id=\"51\" src=\"https:\/\/karolwos.com\/wp-content\/uploads\/2025\/04\/NIS2-okiem-hakera-PL-791x1024.jpeg\" alt=\"\" class=\"wp-image-51\" srcset=\"https:\/\/karolwos.com\/wp-content\/uploads\/2025\/04\/NIS2-okiem-hakera-PL-791x1024.jpeg 791w, https:\/\/karolwos.com\/wp-content\/uploads\/2025\/04\/NIS2-okiem-hakera-PL-232x300.jpeg 232w, https:\/\/karolwos.com\/wp-content\/uploads\/2025\/04\/NIS2-okiem-hakera-PL-768x994.jpeg 768w, https:\/\/karolwos.com\/wp-content\/uploads\/2025\/04\/NIS2-okiem-hakera-PL.jpeg 800w\" sizes=\"auto, (max-width: 791px) 100vw, 791px\" \/><\/figure>\n\n\n\n<figure class=\"wp-block-image size-large\"><img loading=\"lazy\" decoding=\"async\" width=\"791\" height=\"1024\" data-id=\"50\" src=\"https:\/\/karolwos.com\/wp-content\/uploads\/2025\/04\/NIS2-okiem-hakera-EN-791x1024.jpeg\" alt=\"\" class=\"wp-image-50\" srcset=\"https:\/\/karolwos.com\/wp-content\/uploads\/2025\/04\/NIS2-okiem-hakera-EN-791x1024.jpeg 791w, https:\/\/karolwos.com\/wp-content\/uploads\/2025\/04\/NIS2-okiem-hakera-EN-232x300.jpeg 232w, https:\/\/karolwos.com\/wp-content\/uploads\/2025\/04\/NIS2-okiem-hakera-EN-768x994.jpeg 768w, https:\/\/karolwos.com\/wp-content\/uploads\/2025\/04\/NIS2-okiem-hakera-EN.jpeg 800w\" sizes=\"auto, (max-width: 791px) 100vw, 791px\" \/><\/figure>\n<\/figure>\n\n\n\n<p>2024 | Securitum| <a href=\"https:\/\/sklep.securitum.pl\/operowanie-na-bitach-i-bajtach-ciekawostki-tricki-praktyka\" data-type=\"link\" data-id=\"https:\/\/sklep.securitum.pl\/operowanie-na-bitach-i-bajtach-ciekawostki-tricki-praktyka\">Operowanie na bitach i bajtach<\/a><\/p>\n\n\n\n<figure class=\"wp-block-gallery has-nested-images columns-default is-cropped wp-block-gallery-5 is-layout-flex wp-block-gallery-is-layout-flex\">\n<figure class=\"wp-block-image size-large\"><img loading=\"lazy\" decoding=\"async\" width=\"791\" height=\"1024\" data-id=\"53\" src=\"https:\/\/karolwos.com\/wp-content\/uploads\/2025\/04\/Operowanie-na-bitach-i-bajtach-PL-791x1024.jpeg\" alt=\"\" class=\"wp-image-53\" srcset=\"https:\/\/karolwos.com\/wp-content\/uploads\/2025\/04\/Operowanie-na-bitach-i-bajtach-PL-791x1024.jpeg 791w, https:\/\/karolwos.com\/wp-content\/uploads\/2025\/04\/Operowanie-na-bitach-i-bajtach-PL-232x300.jpeg 232w, https:\/\/karolwos.com\/wp-content\/uploads\/2025\/04\/Operowanie-na-bitach-i-bajtach-PL-768x994.jpeg 768w, https:\/\/karolwos.com\/wp-content\/uploads\/2025\/04\/Operowanie-na-bitach-i-bajtach-PL.jpeg 800w\" sizes=\"auto, (max-width: 791px) 100vw, 791px\" \/><\/figure>\n\n\n\n<figure class=\"wp-block-image size-large\"><img loading=\"lazy\" decoding=\"async\" width=\"791\" height=\"1024\" data-id=\"54\" src=\"https:\/\/karolwos.com\/wp-content\/uploads\/2025\/04\/Operowanie-na-bitach-i-bajtach-EN-791x1024.jpeg\" alt=\"\" class=\"wp-image-54\" srcset=\"https:\/\/karolwos.com\/wp-content\/uploads\/2025\/04\/Operowanie-na-bitach-i-bajtach-EN-791x1024.jpeg 791w, https:\/\/karolwos.com\/wp-content\/uploads\/2025\/04\/Operowanie-na-bitach-i-bajtach-EN-232x300.jpeg 232w, https:\/\/karolwos.com\/wp-content\/uploads\/2025\/04\/Operowanie-na-bitach-i-bajtach-EN-768x994.jpeg 768w, https:\/\/karolwos.com\/wp-content\/uploads\/2025\/04\/Operowanie-na-bitach-i-bajtach-EN.jpeg 800w\" sizes=\"auto, (max-width: 791px) 100vw, 791px\" \/><\/figure>\n<\/figure>\n\n\n\n<p class=\"has-large-font-size\">Wiecej w przygotowaniu &#8230;<\/p>\n\n\n\n<p><\/p>\n","protected":false},"excerpt":{"rendered":"<p>Uko\u0144czone szkolenia z zakresu cyberbezpiecze\u0144stwa: 2023 | Securitum | Sekurak Academy Pozosta\u0142e: 2024 | Securitum| Zabezpieczanie sieci domowej 2024 |<\/p>\n<p><a href=\"https:\/\/karolwos.com\/\" class=\"more-link\">Continue reading<span class=\"screen-reader-text\">O mnie<\/span><\/a><\/p>\n","protected":false},"author":1,"featured_media":0,"parent":0,"menu_order":0,"comment_status":"closed","ping_status":"closed","template":"","meta":{"footnotes":""},"class_list":["post-32","page","type-page","status-publish","hentry"],"_links":{"self":[{"href":"https:\/\/karolwos.com\/index.php?rest_route=\/wp\/v2\/pages\/32","targetHints":{"allow":["GET"]}}],"collection":[{"href":"https:\/\/karolwos.com\/index.php?rest_route=\/wp\/v2\/pages"}],"about":[{"href":"https:\/\/karolwos.com\/index.php?rest_route=\/wp\/v2\/types\/page"}],"author":[{"embeddable":true,"href":"https:\/\/karolwos.com\/index.php?rest_route=\/wp\/v2\/users\/1"}],"replies":[{"embeddable":true,"href":"https:\/\/karolwos.com\/index.php?rest_route=%2Fwp%2Fv2%2Fcomments&post=32"}],"version-history":[{"count":16,"href":"https:\/\/karolwos.com\/index.php?rest_route=\/wp\/v2\/pages\/32\/revisions"}],"predecessor-version":[{"id":62,"href":"https:\/\/karolwos.com\/index.php?rest_route=\/wp\/v2\/pages\/32\/revisions\/62"}],"wp:attachment":[{"href":"https:\/\/karolwos.com\/index.php?rest_route=%2Fwp%2Fv2%2Fmedia&parent=32"}],"curies":[{"name":"wp","href":"https:\/\/api.w.org\/{rel}","templated":true}]}}